{"id":606,"date":"2023-06-04T19:44:37","date_gmt":"2023-06-04T19:44:37","guid":{"rendered":"https:\/\/italiamalta.men.comune.acireale.ct.it\/?page_id=606"},"modified":"2023-06-08T09:45:40","modified_gmt":"2023-06-08T09:45:40","slug":"higher-technical-institute-its-in-transport-mobility-catania","status":"publish","type":"page","link":"https:\/\/italiamalta.men.comune.acireale.ct.it\/en\/higher-technical-institute-its-in-transport-mobility-catania\/","title":{"rendered":"HIGHER TECHNICAL INSTITUTE (ITS) IN TRANSPORT MOBILITY CATANIA"},"content":{"rendered":"<div data-elementor-type=\"wp-page\" data-elementor-id=\"606\" class=\"elementor elementor-606\">\n\t\t\t\t\t\t\t\t\t<section class=\"elementor-section elementor-top-section elementor-element elementor-element-38d1adc elementor-section-boxed elementor-section-height-default elementor-section-height-default\" data-id=\"38d1adc\" data-element_type=\"section\">\n\t\t\t\t\t\t<div class=\"elementor-container elementor-column-gap-default\">\n\t\t\t\t\t<div class=\"elementor-column elementor-col-100 elementor-top-column elementor-element elementor-element-d3ae795\" data-id=\"d3ae795\" data-element_type=\"column\">\n\t\t\t<div class=\"elementor-widget-wrap elementor-element-populated\">\n\t\t\t\t\t\t\t\t<div class=\"elementor-element elementor-element-4bd7f0c elementor-widget elementor-widget-image\" data-id=\"4bd7f0c\" data-element_type=\"widget\" data-widget_type=\"image.default\">\n\t\t\t\t<div class=\"elementor-widget-container\">\n\t\t\t<style>\/*! elementor - v3.12.1 - 02-04-2023 *\/\n.elementor-widget-image{text-align:center}.elementor-widget-image a{display:inline-block}.elementor-widget-image a img[src$=\".svg\"]{width:48px}.elementor-widget-image img{vertical-align:middle;display:inline-block}<\/style>\t\t\t\t\t\t\t\t\t\t\t\t<img loading=\"lazy\" decoding=\"async\" width=\"127\" height=\"91\" src=\"https:\/\/italiamalta.men.comune.acireale.ct.it\/wp-content\/uploads\/2023\/05\/ITS-mobilita-CT.jpg\" class=\"attachment-medium size-medium wp-image-471\" alt=\"\" \/>\t\t\t\t\t\t\t\t\t\t\t\t\t\t\t<\/div>\n\t\t\t\t<\/div>\n\t\t\t\t<div class=\"elementor-element elementor-element-3f26898 elementor-widget elementor-widget-heading\" data-id=\"3f26898\" data-element_type=\"widget\" data-widget_type=\"heading.default\">\n\t\t\t\t<div class=\"elementor-widget-container\">\n\t\t\t<style>\/*! elementor - v3.12.1 - 02-04-2023 *\/\n.elementor-heading-title{padding:0;margin:0;line-height:1}.elementor-widget-heading .elementor-heading-title[class*=elementor-size-]>a{color:inherit;font-size:inherit;line-height:inherit}.elementor-widget-heading .elementor-heading-title.elementor-size-small{font-size:15px}.elementor-widget-heading .elementor-heading-title.elementor-size-medium{font-size:19px}.elementor-widget-heading .elementor-heading-title.elementor-size-large{font-size:29px}.elementor-widget-heading .elementor-heading-title.elementor-size-xl{font-size:39px}.elementor-widget-heading .elementor-heading-title.elementor-size-xxl{font-size:59px}<\/style><h5 class=\"elementor-heading-title elementor-size-default\">ITS MOBILITA' TRASPORTI CATANIA<\/h5>\t\t<\/div>\n\t\t\t\t<\/div>\n\t\t\t\t\t<\/div>\n\t\t<\/div>\n\t\t\t\t\t\t\t<\/div>\n\t\t<\/section>\n\t\t\t\t<section class=\"elementor-section elementor-top-section elementor-element elementor-element-5f0a9db elementor-section-boxed elementor-section-height-default elementor-section-height-default\" data-id=\"5f0a9db\" data-element_type=\"section\">\n\t\t\t\t\t\t<div class=\"elementor-container elementor-column-gap-default\">\n\t\t\t\t\t<div class=\"elementor-column elementor-col-100 elementor-top-column elementor-element elementor-element-16abaae\" data-id=\"16abaae\" data-element_type=\"column\">\n\t\t\t<div class=\"elementor-widget-wrap elementor-element-populated\">\n\t\t\t\t\t\t\t\t<div class=\"elementor-element elementor-element-bfb61f5 elementor-widget elementor-widget-text-editor\" data-id=\"bfb61f5\" data-element_type=\"widget\" data-widget_type=\"text-editor.default\">\n\t\t\t\t<div class=\"elementor-widget-container\">\n\t\t\t<style>\/*! elementor - v3.12.1 - 02-04-2023 *\/\n.elementor-widget-text-editor.elementor-drop-cap-view-stacked .elementor-drop-cap{background-color:#69727d;color:#fff}.elementor-widget-text-editor.elementor-drop-cap-view-framed .elementor-drop-cap{color:#69727d;border:3px solid;background-color:transparent}.elementor-widget-text-editor:not(.elementor-drop-cap-view-default) .elementor-drop-cap{margin-top:8px}.elementor-widget-text-editor:not(.elementor-drop-cap-view-default) .elementor-drop-cap-letter{width:1em;height:1em}.elementor-widget-text-editor .elementor-drop-cap{float:left;text-align:center;line-height:1;font-size:50px}.elementor-widget-text-editor .elementor-drop-cap-letter{display:inline-block}<\/style>\t\t\t\t<p>La Fondazione ITS MOBILITA\u2019 SOSTENIBILE TRASPORTI \u00e8 stata riconosciuta con il Decreto del Presidente del Consiglio dei Ministri in data 25 gennaio 2008, pubblicato sulla Gazzetta Ufficiale della Repubblica Italiana n\u00b0 86 del giorno 11 Aprile 2008 e costituisce un canale formativo di livello post-secondario, parallelo ai percorsi accademici formando tecnici superiori nelle area tecnologica della mobilit\u00e0 sostenibile e dei trasporti per lo sviluppo economico e la competitivit\u00e0 ed \u00e8 una struttura speciale di alta tecnologia costituita con l\u2019intento di riorganizzare il canale della formazione superiore non universitaria consentendo di allineare il nostro Paese all\u2019Europa.<br \/>L\u2019I.T.S. offre la possibilit\u00e0 di conseguire il Diploma di Tecnico Superiore con conseguente accesso al mondo del lavoro nell\u2019ambito del settore dei trasporti e della mobilit\u00e0 sostenibile. Possono iscriversi all\u2019I.T.S. i diplomati che intendono conseguire il Diploma di Tecnico Superiore, per poi inserirsi nel mondo del lavoro e procedere anche negli studi. Il percorso di studi prevede parte delle lezioni in aula e parte in stage. L\u2019ITS Mobilit\u00e0 Trasporti di Catania dal 2017 opera nell\u2019organizzazione e nell\u2019erogazione di percorsi biennali per la formazione delle seguenti figure professionali:<br \/>1. \u201cTECNICO SUPERIORE PER LA MOBILITA\u2019 DELLE PERSONE E DELLE MERCI\u201d<br \/>2. \u201cTECNICO SUPERIORE PER L\u2019INFOMOBILITA\u2019 E LE STRUTTURE LOGISTICHE\u201d declinato nella specificit\u00e0 della logistica integrata.<br \/>3. \u201cTECNICO SUPERIORE PER LA PRODUZIONE E MANUTENZIONE DI MEZZI DI TRASPORTO E\/O RELATIVE INFRASTRUTTURE\u201d<br \/>La Fondazione ITS MOBILITA\u2019 TRASPORTI CATANIA ha i seguenti soci fondatori o partner:<br \/>\u2022 L\u2019Istituto Statale di Istruzione Superiore Duca degli Abruzzi di Catania \u00e8 l\u2019Istituto Scolastico di riferimento dell\u2019ITS<br \/>\u2022 La Citt\u00e0 Metropolitana di Catania<br \/>\u2022 Pronto Turismo Soc. Coop. a r.l.<br \/>\u2022 L\u2019Universit\u00e0 degli Studi di Napoli \u201cParthenope\u201d (NA)<br \/>\u2022 L\u2019 Istituto Tecnico Aeronautico \u201cA. Ferrarin\u201d di Catania<br \/>\u2022 Istituto Istruzione Secondaria Superiore \u201cNautico Gioeni\u2013Trabia\u201d &#8211; Palermo<br \/>\u2022 L\u2019I.S.I.S. \u201cGiorgio La Pira\u201d di Pozzallo (RG)<br \/>\u2022 L\u2019Azienda NICO Transport S.P.A.<br \/>\u2022 L\u2019Azienda Nautica Glem S.N.C.<br \/>\u2022 La Compagnia di Navigazione Caronte &amp; Tourist<br \/>L\u2019ITS inoltre data la natura stessa ha siglato protocolli di intesa con aziende di logistica e trasporti e con importanti Compagnie di Navigazione tra le quali:<br \/>1. Grimaldi Euromed<br \/>2. ELETTRA TLC<br \/>3. CARONTE &amp; TOURIST<br \/>4. MARNAVI<br \/>5. PERSEVERANZA<br \/>6. FORSHIP- CORSICA FERRIES<br \/>7. RIMORCHIATORI RIUNITI AUGUSTA<br \/>8. NICOLOSI TRASPORTI<br \/>9. DN LOGISTICA<br \/>10. FLLI DI MARTINO S.R.L.<br \/>11. LAB PETROLI di Labisi R.<br \/>12. ELETTRA TLC<br \/>13. GEOTRANS S.R.L.<br \/>14. NAUTICA GLEM<br \/>15. ITALTRADE<br \/>16. EST<br \/>17. NEWCOOP<br \/>18. CRISAFULLI S.R.L.<br \/>19. NAVIGERUM S.R.L.<br \/>20. CURRO\u2019 TRASPORTI<br \/>21. GRIMALDI CATANIA<br \/>22. ORETO TRASPORTI<br \/>23. SUDTRASPORTI<br \/>24. COVIN S.R.L.<\/p>\t\t\t\t\t\t<\/div>\n\t\t\t\t<\/div>\n\t\t\t\t\t<\/div>\n\t\t<\/div>\n\t\t\t\t\t\t\t<\/div>\n\t\t<\/section>\n\t\t\t\t\t\t\t<\/div>","protected":false},"excerpt":{"rendered":"<p>ITS MOBILITA&#8217; TRASPORTI CATANIA La Fondazione ITS MOBILITA\u2019 SOSTENIBILE TRASPORTI \u00e8 stata riconosciuta con il Decreto del Presidente del Consiglio dei Ministri in data 25 gennaio 2008, pubblicato sulla Gazzetta Ufficiale della Repubblica Italiana n\u00b0 86 del giorno 11 Aprile 2008 e costituisce un canale formativo di livello post-secondario, parallelo ai percorsi accademici formando tecnici &hellip;<\/p>\n<p class=\"read-more\"> <a class=\"\" href=\"https:\/\/italiamalta.men.comune.acireale.ct.it\/en\/higher-technical-institute-its-in-transport-mobility-catania\/\"> <span class=\"screen-reader-text\">HIGHER TECHNICAL INSTITUTE (ITS) IN TRANSPORT MOBILITY CATANIA<\/span> Read More &raquo;<\/a><\/p>","protected":false},"author":1,"featured_media":0,"parent":0,"menu_order":0,"comment_status":"closed","ping_status":"closed","template":"","meta":{"site-sidebar-layout":"no-sidebar","site-content-layout":"page-builder","ast-global-header-display":"","ast-main-header-display":"","ast-hfb-above-header-display":"","ast-hfb-below-header-display":"","ast-hfb-mobile-header-display":"","site-post-title":"disabled","ast-breadcrumbs-content":"","ast-featured-img":"disabled","footer-sml-layout":"","theme-transparent-header-meta":"","adv-header-id-meta":"","stick-header-meta":"","header-above-stick-meta":"","header-main-stick-meta":"","header-below-stick-meta":"","footnotes":""},"class_list":["post-606","page","type-page","status-publish","hentry"],"_links":{"self":[{"href":"https:\/\/italiamalta.men.comune.acireale.ct.it\/en\/wp-json\/wp\/v2\/pages\/606","targetHints":{"allow":["GET"]}}],"collection":[{"href":"https:\/\/italiamalta.men.comune.acireale.ct.it\/en\/wp-json\/wp\/v2\/pages"}],"about":[{"href":"https:\/\/italiamalta.men.comune.acireale.ct.it\/en\/wp-json\/wp\/v2\/types\/page"}],"author":[{"embeddable":true,"href":"https:\/\/italiamalta.men.comune.acireale.ct.it\/en\/wp-json\/wp\/v2\/users\/1"}],"replies":[{"embeddable":true,"href":"https:\/\/italiamalta.men.comune.acireale.ct.it\/en\/wp-json\/wp\/v2\/comments?post=606"}],"version-history":[{"count":17,"href":"https:\/\/italiamalta.men.comune.acireale.ct.it\/en\/wp-json\/wp\/v2\/pages\/606\/revisions"}],"predecessor-version":[{"id":806,"href":"https:\/\/italiamalta.men.comune.acireale.ct.it\/en\/wp-json\/wp\/v2\/pages\/606\/revisions\/806"}],"wp:attachment":[{"href":"https:\/\/italiamalta.men.comune.acireale.ct.it\/en\/wp-json\/wp\/v2\/media?parent=606"}],"curies":[{"name":"wp","href":"https:\/\/api.w.org\/{rel}","templated":true}]}}