{"id":612,"date":"2023-06-04T19:47:00","date_gmt":"2023-06-04T19:47:00","guid":{"rendered":"https:\/\/italiamalta.men.comune.acireale.ct.it\/?page_id=612"},"modified":"2023-06-08T09:44:53","modified_gmt":"2023-06-08T09:44:53","slug":"itaca-integration-and-transition-catania-scarl","status":"publish","type":"page","link":"https:\/\/italiamalta.men.comune.acireale.ct.it\/en\/itaca-integration-and-transition-catania-scarl\/","title":{"rendered":"ITACA INTEGRATION AND TRANSITION CATANIA SCARL"},"content":{"rendered":"<div data-elementor-type=\"wp-page\" data-elementor-id=\"612\" class=\"elementor elementor-612\">\n\t\t\t\t\t\t\t\t\t<section class=\"elementor-section elementor-top-section elementor-element elementor-element-e8fa101 elementor-section-boxed elementor-section-height-default elementor-section-height-default\" data-id=\"e8fa101\" data-element_type=\"section\">\n\t\t\t\t\t\t<div class=\"elementor-container elementor-column-gap-default\">\n\t\t\t\t\t<div class=\"elementor-column elementor-col-100 elementor-top-column elementor-element elementor-element-7eab2fa\" data-id=\"7eab2fa\" data-element_type=\"column\">\n\t\t\t<div class=\"elementor-widget-wrap elementor-element-populated\">\n\t\t\t\t\t\t\t\t<div class=\"elementor-element elementor-element-b9b71eb elementor-widget elementor-widget-image\" data-id=\"b9b71eb\" data-element_type=\"widget\" data-widget_type=\"image.default\">\n\t\t\t\t<div class=\"elementor-widget-container\">\n\t\t\t<style>\/*! elementor - v3.12.1 - 02-04-2023 *\/\n.elementor-widget-image{text-align:center}.elementor-widget-image a{display:inline-block}.elementor-widget-image a img[src$=\".svg\"]{width:48px}.elementor-widget-image img{vertical-align:middle;display:inline-block}<\/style>\t\t\t\t\t\t\t\t\t\t\t\t<img loading=\"lazy\" decoding=\"async\" width=\"214\" height=\"96\" src=\"https:\/\/italiamalta.men.comune.acireale.ct.it\/wp-content\/uploads\/2023\/05\/Itaca.jpg\" class=\"attachment-medium size-medium wp-image-470\" alt=\"\" \/>\t\t\t\t\t\t\t\t\t\t\t\t\t\t\t<\/div>\n\t\t\t\t<\/div>\n\t\t\t\t<div class=\"elementor-element elementor-element-6b15373 elementor-widget elementor-widget-heading\" data-id=\"6b15373\" data-element_type=\"widget\" data-widget_type=\"heading.default\">\n\t\t\t\t<div class=\"elementor-widget-container\">\n\t\t\t<style>\/*! elementor - v3.12.1 - 02-04-2023 *\/\n.elementor-heading-title{padding:0;margin:0;line-height:1}.elementor-widget-heading .elementor-heading-title[class*=elementor-size-]>a{color:inherit;font-size:inherit;line-height:inherit}.elementor-widget-heading .elementor-heading-title.elementor-size-small{font-size:15px}.elementor-widget-heading .elementor-heading-title.elementor-size-medium{font-size:19px}.elementor-widget-heading .elementor-heading-title.elementor-size-large{font-size:29px}.elementor-widget-heading .elementor-heading-title.elementor-size-xl{font-size:39px}.elementor-widget-heading .elementor-heading-title.elementor-size-xxl{font-size:59px}<\/style><h6 class=\"elementor-heading-title elementor-size-default\">ITACA INTEGRAZIONE E TRANSIZIONE CATANIA SCARL<\/h6>\t\t<\/div>\n\t\t\t\t<\/div>\n\t\t\t\t\t<\/div>\n\t\t<\/div>\n\t\t\t\t\t\t\t<\/div>\n\t\t<\/section>\n\t\t\t\t<section class=\"elementor-section elementor-top-section elementor-element elementor-element-0801088 elementor-section-boxed elementor-section-height-default elementor-section-height-default\" data-id=\"0801088\" data-element_type=\"section\">\n\t\t\t\t\t\t<div class=\"elementor-container elementor-column-gap-default\">\n\t\t\t\t\t<div class=\"elementor-column elementor-col-100 elementor-top-column elementor-element elementor-element-f53101e\" data-id=\"f53101e\" data-element_type=\"column\">\n\t\t\t<div class=\"elementor-widget-wrap elementor-element-populated\">\n\t\t\t\t\t\t\t\t<div class=\"elementor-element elementor-element-2d17591 elementor-widget elementor-widget-text-editor\" data-id=\"2d17591\" data-element_type=\"widget\" data-widget_type=\"text-editor.default\">\n\t\t\t\t<div class=\"elementor-widget-container\">\n\t\t\t<style>\/*! elementor - v3.12.1 - 02-04-2023 *\/\n.elementor-widget-text-editor.elementor-drop-cap-view-stacked .elementor-drop-cap{background-color:#69727d;color:#fff}.elementor-widget-text-editor.elementor-drop-cap-view-framed .elementor-drop-cap{color:#69727d;border:3px solid;background-color:transparent}.elementor-widget-text-editor:not(.elementor-drop-cap-view-default) .elementor-drop-cap{margin-top:8px}.elementor-widget-text-editor:not(.elementor-drop-cap-view-default) .elementor-drop-cap-letter{width:1em;height:1em}.elementor-widget-text-editor .elementor-drop-cap{float:left;text-align:center;line-height:1;font-size:50px}.elementor-widget-text-editor .elementor-drop-cap-letter{display:inline-block}<\/style>\t\t\t\t<p>ITACA \u2013 Integrazione e transizione \u00e8 una cooperativa sociale a responsabilit\u00e0 limitata, ai sensi della legge 381\/91, nata nel 2008 nell\u2019ambito del progetto \u201cTRANSIT: modelli di transizione al lavoro\u201d, finanziato dal POR Sicilia 2000-2006 Misura 2.11 per promuovere una metodologia innovativa di transizione al lavoro per soggetti svantaggiati e disoccupati di lunga durata. Il progetto, finanziato dal FSE della Regione Sicilia, era finalizzato alla creazione di una impresa di transizione (una impresa formativa in cui allievi di un percorso di formazione professionale producono un servizio regolarmente aperto al pubblico.<br \/>Negli anni, grazie alla partecipazione a diversi progetti, sia in ambito nazionale che europeo, la cooperativa ha rafforzato le proprie competenze nell\u2019erogazione di attivit\u00e0 educative finalizzate all\u2019integrazione e alla transizione occupazionale.<br \/>Dal 2014, ITACA si occupa della promozione di scambi europei per giovani e adulti (mobilit\u00e0 incoming) offrendo l\u2019opportunit\u00e0 di svolgere in Italia stage formativi ed esperienze di Job-Shadowing che mirano allo sviluppo delle competenze professionali in diverse regioni italiane (Lombardia, Veneto, Emilia Romagna, Marche, Sicilia) per un totale di circa 150 percorsi l\u2019anno. Itaca ha messo a punto un modello di Incoming nella mobilit\u00e0 transnazionale sostenibile grazie alla collaborazione con enti di formazione, scuole tecnico-professionali e aziende del territorio nazionale.<br \/>Dal 2017 ITACA promuove scambi interregionali e visite didattiche nell\u2019ambito del progetto Ex-ploriamoci finanziato dalla Legge 40\/87 del Ministero del Lavoro, tra enti di formazione di diverse regioni italiane, di giovani provenienti da percorsi di formazione professionale e\/o apprendisti, per esperienze di Job Shadowing e laboratori su temi specifici.<br \/>La vocazione di Itaca sin dalle origini \u00e8 stata la promozione della transizione al lavoro di persone giovani e adulte in situazione di svantaggio socio-economico e\/o psico-fisico.<br \/>Itaca negli anni si \u00e8 evoluta rispondendo nel tempo ad esigenze diverse e partecipando come partner a progetti europei. La cooperativa dal 2014 ha cominciato a maturare un know how specifico nell&#8217;ambito della mobilit\u00e0 transnazionale e in particolare nel settore &#8220;incoming&#8221; della mobilit\u00e0, stabilendo accordi sempre pi\u00f9 consolidati nel tempo con enti di formazione e imprese, per la realizzazione di tirocini ed esperienze di apprendimento sul territorio italiano per studenti provenienti dai paesi europei.<br \/>Itaca accoglie annualmente circa 150 tirocini di giovani provenienti dalle scuole professionali europee nei settori dell&#8217;assistenza all&#8217;infanzia e cura delle persone, trasformazione agroalimentare e turismo, benessere, informatica e tecnologie, meccanica.<br \/>Itaca vanta anche:<br \/>&#8211; la partecipazione come partner del progetto di cooperazione transfrontaliera <strong>IPA Adriatico Key Q<\/strong>: A Key for the Quality in the development and responsible value build up of agro-food resources from both Adriatic coasts; all\u2019interno del progetto Itaca ha avuto in carico la realizzazione di percorsi di mobilit\u00e0 in reciprocit\u00e0 tra i paesi coinvolti di allievi e formatori, e fornito il modello di valutazione degli apprendimenti acquisiti in mobilit\u00e0 (anno 2012);<br \/>&#8211; la partecipazione al progetto <strong>SISMA Mobilit\u00e0 20\/20 finanziato dal FSE Regione Emilia Romagna per la realizzazione di 200 mobilit\u00e0 di giovani allievi dei percorsi di Istruzione e Formazione Professionale (anno 2016);<\/strong><br \/>&#8211; la realizzazione di un&#8217;attivit\u00e0 di ricerca nell&#8217;ambito del finanziamento del ministero del Ministero del Lavoro 40\/87 e dal titolo \u201cGenerazione 2020\u201d per la rilevazione della povert\u00e0<em> formativa dei giovani italiani (anno 2012).<\/em><br \/><em>Attualmente, \u00e8 impegnata nella presentazione di un progetto internazionale nell&#8217;ambito di Erasmus+<\/em><\/p>\t\t\t\t\t\t<\/div>\n\t\t\t\t<\/div>\n\t\t\t\t\t<\/div>\n\t\t<\/div>\n\t\t\t\t\t\t\t<\/div>\n\t\t<\/section>\n\t\t\t\t\t\t\t<\/div>","protected":false},"excerpt":{"rendered":"<p>ITACA INTEGRAZIONE E TRANSIZIONE CATANIA SCARL ITACA \u2013 Integrazione e transizione \u00e8 una cooperativa sociale a responsabilit\u00e0 limitata, ai sensi della legge 381\/91, nata nel 2008 nell\u2019ambito del progetto \u201cTRANSIT: modelli di transizione al lavoro\u201d, finanziato dal POR Sicilia 2000-2006 Misura 2.11 per promuovere una metodologia innovativa di transizione al lavoro per soggetti svantaggiati e &hellip;<\/p>\n<p class=\"read-more\"> <a class=\"\" href=\"https:\/\/italiamalta.men.comune.acireale.ct.it\/en\/itaca-integration-and-transition-catania-scarl\/\"> <span class=\"screen-reader-text\">ITACA INTEGRATION AND TRANSITION CATANIA SCARL<\/span> Read More &raquo;<\/a><\/p>","protected":false},"author":1,"featured_media":0,"parent":0,"menu_order":0,"comment_status":"closed","ping_status":"closed","template":"","meta":{"site-sidebar-layout":"no-sidebar","site-content-layout":"page-builder","ast-global-header-display":"","ast-main-header-display":"","ast-hfb-above-header-display":"","ast-hfb-below-header-display":"","ast-hfb-mobile-header-display":"","site-post-title":"disabled","ast-breadcrumbs-content":"","ast-featured-img":"disabled","footer-sml-layout":"","theme-transparent-header-meta":"","adv-header-id-meta":"","stick-header-meta":"","header-above-stick-meta":"","header-main-stick-meta":"","header-below-stick-meta":"","footnotes":""},"class_list":["post-612","page","type-page","status-publish","hentry"],"_links":{"self":[{"href":"https:\/\/italiamalta.men.comune.acireale.ct.it\/en\/wp-json\/wp\/v2\/pages\/612","targetHints":{"allow":["GET"]}}],"collection":[{"href":"https:\/\/italiamalta.men.comune.acireale.ct.it\/en\/wp-json\/wp\/v2\/pages"}],"about":[{"href":"https:\/\/italiamalta.men.comune.acireale.ct.it\/en\/wp-json\/wp\/v2\/types\/page"}],"author":[{"embeddable":true,"href":"https:\/\/italiamalta.men.comune.acireale.ct.it\/en\/wp-json\/wp\/v2\/users\/1"}],"replies":[{"embeddable":true,"href":"https:\/\/italiamalta.men.comune.acireale.ct.it\/en\/wp-json\/wp\/v2\/comments?post=612"}],"version-history":[{"count":14,"href":"https:\/\/italiamalta.men.comune.acireale.ct.it\/en\/wp-json\/wp\/v2\/pages\/612\/revisions"}],"predecessor-version":[{"id":803,"href":"https:\/\/italiamalta.men.comune.acireale.ct.it\/en\/wp-json\/wp\/v2\/pages\/612\/revisions\/803"}],"wp:attachment":[{"href":"https:\/\/italiamalta.men.comune.acireale.ct.it\/en\/wp-json\/wp\/v2\/media?parent=612"}],"curies":[{"name":"wp","href":"https:\/\/api.w.org\/{rel}","templated":true}]}}